{"id":1846,"date":"2025-06-04T19:52:32","date_gmt":"2025-06-04T19:52:32","guid":{"rendered":"https:\/\/obp-media.de\/?page_id=1846"},"modified":"2025-06-04T20:44:17","modified_gmt":"2025-06-04T20:44:17","slug":"events","status":"publish","type":"page","link":"https:\/\/obp-media.de\/?page_id=1846","title":{"rendered":"Events"},"content":{"rendered":"\t\t<div data-elementor-type=\"wp-page\" data-elementor-id=\"1846\" class=\"elementor elementor-1846\">\n\t\t\t\t<div class=\"elementor-element elementor-element-af3d7e1 e-flex e-con-boxed e-con e-parent\" data-id=\"af3d7e1\" data-element_type=\"container\">\n\t\t\t\t\t<div class=\"e-con-inner\">\n\t\t<div class=\"elementor-element elementor-element-68db89a e-con-full e-flex elementor-invisible e-con e-child\" data-id=\"68db89a\" data-element_type=\"container\" data-settings=\"{&quot;animation&quot;:&quot;zoomIn&quot;,&quot;animation_delay&quot;:200}\">\n\t\t<div class=\"elementor-element elementor-element-18beb4c e-con-full e-flex elementor-invisible e-con e-child\" data-id=\"18beb4c\" data-element_type=\"container\" data-settings=\"{&quot;background_background&quot;:&quot;classic&quot;,&quot;animation&quot;:&quot;zoomIn&quot;,&quot;animation_delay&quot;:200}\">\n\t\t\t\t<div class=\"elementor-element elementor-element-2f660f2 elementor-view-default elementor-position-block-start elementor-mobile-position-block-start elementor-widget elementor-widget-icon-box\" data-id=\"2f660f2\" data-element_type=\"widget\" data-widget_type=\"icon-box.default\">\n\t\t\t\t<div class=\"elementor-widget-container\">\n\t\t\t\t\t\t\t<div class=\"elementor-icon-box-wrapper\">\n\n\t\t\t\t\t\t<div class=\"elementor-icon-box-icon\">\n\t\t\t\t<span  class=\"elementor-icon\">\n\t\t\t\t<svg aria-hidden=\"true\" class=\"e-font-icon-svg e-fas-cocktail\" viewBox=\"0 0 576 512\" xmlns=\"http:\/\/www.w3.org\/2000\/svg\"><path d=\"M296 464h-56V338.78l168.74-168.73c15.52-15.52 4.53-42.05-17.42-42.05H24.68c-21.95 0-32.94 26.53-17.42 42.05L176 338.78V464h-56c-22.09 0-40 17.91-40 40 0 4.42 3.58 8 8 8h240c4.42 0 8-3.58 8-8 0-22.09-17.91-40-40-40zM432 0c-62.61 0-115.35 40.2-135.18 96h52.54c16.65-28.55 47.27-48 82.64-48 52.93 0 96 43.06 96 96s-43.07 96-96 96c-14.04 0-27.29-3.2-39.32-8.64l-35.26 35.26C379.23 279.92 404.59 288 432 288c79.53 0 144-64.47 144-144S511.53 0 432 0z\"><\/path><\/svg>\t\t\t\t<\/span>\n\t\t\t<\/div>\n\t\t\t\n\t\t\t\t\t\t<div class=\"elementor-icon-box-content\">\n\n\t\t\t\t\t\t\t\t\t<h3 class=\"elementor-icon-box-title\">\n\t\t\t\t\t\t<span  >\n\t\t\t\t\t\t\tEvents\t\t\t\t\t\t<\/span>\n\t\t\t\t\t<\/h3>\n\t\t\t\t\n\t\t\t\t\t\t\t\t\t<p class=\"elementor-icon-box-description\">\n\t\t\t\t\t\t\u2022 Konzerte<br>\n\u2022 K\u00fcnstler-Booking<br>\n\u2022 Veranstaltungstechnik<br>\n\u2022 Dokumentation<br>\n\u2022 Promotion<br>\t\t\t\t\t<\/p>\n\t\t\t\t\n\t\t\t<\/div>\n\t\t\t\n\t\t<\/div>\n\t\t\t\t\t\t<\/div>\n\t\t\t\t<\/div>\n\t\t\t\t<\/div>\n\t\t<div class=\"elementor-element elementor-element-dab4fb7 e-con-full e-flex e-con e-child\" data-id=\"dab4fb7\" data-element_type=\"container\">\n\t\t\t\t<div class=\"elementor-element elementor-element-0c95715 elementor-widget__width-inherit elementor-invisible elementor-widget elementor-widget-image\" data-id=\"0c95715\" data-element_type=\"widget\" data-settings=\"{&quot;_animation&quot;:&quot;zoomIn&quot;,&quot;_animation_delay&quot;:500}\" data-widget_type=\"image.default\">\n\t\t\t\t<div class=\"elementor-widget-container\">\n\t\t\t\t\t\t\t\t\t\t\t\t\t\t\t<img fetchpriority=\"high\" decoding=\"async\" width=\"683\" height=\"1024\" src=\"https:\/\/obp-media.de\/wp-content\/uploads\/2025\/06\/leineweber-obolus-28-683x1024.jpg\" class=\"attachment-large size-large wp-image-1855\" alt=\"\" srcset=\"https:\/\/obp-media.de\/wp-content\/uploads\/2025\/06\/leineweber-obolus-28-683x1024.jpg 683w, https:\/\/obp-media.de\/wp-content\/uploads\/2025\/06\/leineweber-obolus-28-200x300.jpg 200w, https:\/\/obp-media.de\/wp-content\/uploads\/2025\/06\/leineweber-obolus-28-768x1152.jpg 768w, https:\/\/obp-media.de\/wp-content\/uploads\/2025\/06\/leineweber-obolus-28-1024x1536.jpg 1024w, https:\/\/obp-media.de\/wp-content\/uploads\/2025\/06\/leineweber-obolus-28-1365x2048.jpg 1365w, https:\/\/obp-media.de\/wp-content\/uploads\/2025\/06\/leineweber-obolus-28-scaled.jpg 1707w\" sizes=\"(max-width: 683px) 100vw, 683px\" \/>\t\t\t\t\t\t\t\t\t\t\t\t\t\t\t<\/div>\n\t\t\t\t<\/div>\n\t\t\t\t<div class=\"elementor-element elementor-element-761de54 elementor-invisible elementor-widget elementor-widget-text-editor\" data-id=\"761de54\" data-element_type=\"widget\" data-settings=\"{&quot;_animation&quot;:&quot;zoomIn&quot;,&quot;_animation_delay&quot;:1000}\" data-widget_type=\"text-editor.default\">\n\t\t\t\t<div class=\"elementor-widget-container\">\n\t\t\t\t\t\t\t\t\t<p class=\"p1\">Du hast bald einen Gig?<\/p><p class=\"p1\">Wir begleiten dich und machen ihn unvergesslich. Wir stellen dir unser Team aus DJs, Technikern, Foto\/Videografen und Support Acts zur Verf\u00fcgung. So tauchst du dort wie\u00a0ein Star auf und hast gleichzeitig neue Instagram Reels gedreht, um deine neue Single zu promoten.<\/p><p class=\"p1\">Du hast bald keinen Gig?<\/p><p class=\"p1\">Stell dich kurz vor und Schick uns einen Link zu deiner Musik an <a href=\"mailto:info@obp-media.de\"><span class=\"s1\">info@obp-media.de<\/span><\/a><\/p><p class=\"p1\">Wenn uns gef\u00e4llt, was wir h\u00f6ren, stehst du bald auf der B\u00fchne.<\/p>\t\t\t\t\t\t\t\t<\/div>\n\t\t\t\t<\/div>\n\t\t\t\t<\/div>\n\t\t\t\t<\/div>\n\t\t\t\t\t<\/div>\n\t\t\t\t<\/div>\n\t\t\t\t<\/div>\n\t\t","protected":false},"excerpt":{"rendered":"<p>Events \u2022 Konzerte \u2022 K\u00fcnstler-Booking \u2022 Veranstaltungstechnik \u2022 Dokumentation \u2022 Promotion Du hast bald einen Gig? Wir begleiten dich und machen ihn unvergesslich. Wir stellen dir unser Team aus DJs, Technikern, Foto\/Videografen und Support Acts zur Verf\u00fcgung. So tauchst du dort wie\u00a0ein Star auf und hast gleichzeitig neue Instagram Reels gedreht, um deine neue Single [&hellip;]<\/p>\n","protected":false},"author":1,"featured_media":0,"parent":0,"menu_order":0,"comment_status":"closed","ping_status":"closed","template":"","meta":{"footnotes":""},"class_list":["post-1846","page","type-page","status-publish","hentry"],"blocksy_meta":[],"yoast_head":"<!-- This site is optimized with the Yoast SEO plugin v26.8 - https:\/\/yoast.com\/product\/yoast-seo-wordpress\/ -->\n<title>Events - OBP-Media<\/title>\n<meta name=\"robots\" content=\"index, follow, max-snippet:-1, max-image-preview:large, max-video-preview:-1\" \/>\n<link rel=\"canonical\" href=\"https:\/\/obp-media.de\/?page_id=1846\" \/>\n<meta property=\"og:locale\" content=\"en_US\" \/>\n<meta property=\"og:type\" content=\"article\" \/>\n<meta property=\"og:title\" content=\"Events - OBP-Media\" \/>\n<meta property=\"og:description\" content=\"Events \u2022 Konzerte \u2022 K\u00fcnstler-Booking \u2022 Veranstaltungstechnik \u2022 Dokumentation \u2022 Promotion Du hast bald einen Gig? Wir begleiten dich und machen ihn unvergesslich. Wir stellen dir unser Team aus DJs, Technikern, Foto\/Videografen und Support Acts zur Verf\u00fcgung. So tauchst du dort wie\u00a0ein Star auf und hast gleichzeitig neue Instagram Reels gedreht, um deine neue Single [&hellip;]\" \/>\n<meta property=\"og:url\" content=\"https:\/\/obp-media.de\/?page_id=1846\" \/>\n<meta property=\"og:site_name\" content=\"OBP-Media\" \/>\n<meta property=\"article:modified_time\" content=\"2025-06-04T20:44:17+00:00\" \/>\n<meta property=\"og:image\" content=\"https:\/\/obp-media.de\/wp-content\/uploads\/2025\/06\/leineweber-obolus-28-scaled.jpg\" \/>\n\t<meta property=\"og:image:width\" content=\"1707\" \/>\n\t<meta property=\"og:image:height\" content=\"2560\" \/>\n\t<meta property=\"og:image:type\" content=\"image\/jpeg\" \/>\n<meta name=\"twitter:card\" content=\"summary_large_image\" \/>\n<meta name=\"twitter:label1\" content=\"Est. reading time\" \/>\n\t<meta name=\"twitter:data1\" content=\"1 minute\" \/>\n<script type=\"application\/ld+json\" class=\"yoast-schema-graph\">{\"@context\":\"https:\/\/schema.org\",\"@graph\":[{\"@type\":\"WebPage\",\"@id\":\"https:\/\/obp-media.de\/?page_id=1846\",\"url\":\"https:\/\/obp-media.de\/?page_id=1846\",\"name\":\"Events - OBP-Media\",\"isPartOf\":{\"@id\":\"https:\/\/obp-media.de\/#website\"},\"primaryImageOfPage\":{\"@id\":\"https:\/\/obp-media.de\/?page_id=1846#primaryimage\"},\"image\":{\"@id\":\"https:\/\/obp-media.de\/?page_id=1846#primaryimage\"},\"thumbnailUrl\":\"https:\/\/obp-media.de\/wp-content\/uploads\/2025\/06\/leineweber-obolus-28-683x1024.jpg\",\"datePublished\":\"2025-06-04T19:52:32+00:00\",\"dateModified\":\"2025-06-04T20:44:17+00:00\",\"breadcrumb\":{\"@id\":\"https:\/\/obp-media.de\/?page_id=1846#breadcrumb\"},\"inLanguage\":\"en-US\",\"potentialAction\":[{\"@type\":\"ReadAction\",\"target\":[\"https:\/\/obp-media.de\/?page_id=1846\"]}]},{\"@type\":\"ImageObject\",\"inLanguage\":\"en-US\",\"@id\":\"https:\/\/obp-media.de\/?page_id=1846#primaryimage\",\"url\":\"https:\/\/obp-media.de\/wp-content\/uploads\/2025\/06\/leineweber-obolus-28-scaled.jpg\",\"contentUrl\":\"https:\/\/obp-media.de\/wp-content\/uploads\/2025\/06\/leineweber-obolus-28-scaled.jpg\",\"width\":1707,\"height\":2560},{\"@type\":\"BreadcrumbList\",\"@id\":\"https:\/\/obp-media.de\/?page_id=1846#breadcrumb\",\"itemListElement\":[{\"@type\":\"ListItem\",\"position\":1,\"name\":\"Home\",\"item\":\"https:\/\/obp-media.de\/\"},{\"@type\":\"ListItem\",\"position\":2,\"name\":\"Events\"}]},{\"@type\":\"WebSite\",\"@id\":\"https:\/\/obp-media.de\/#website\",\"url\":\"https:\/\/obp-media.de\/\",\"name\":\"OBP-Media\",\"description\":\"\",\"publisher\":{\"@id\":\"https:\/\/obp-media.de\/#organization\"},\"potentialAction\":[{\"@type\":\"SearchAction\",\"target\":{\"@type\":\"EntryPoint\",\"urlTemplate\":\"https:\/\/obp-media.de\/?s={search_term_string}\"},\"query-input\":{\"@type\":\"PropertyValueSpecification\",\"valueRequired\":true,\"valueName\":\"search_term_string\"}}],\"inLanguage\":\"en-US\"},{\"@type\":\"Organization\",\"@id\":\"https:\/\/obp-media.de\/#organization\",\"name\":\"OBP-Media\",\"url\":\"https:\/\/obp-media.de\/\",\"logo\":{\"@type\":\"ImageObject\",\"inLanguage\":\"en-US\",\"@id\":\"https:\/\/obp-media.de\/#\/schema\/logo\/image\/\",\"url\":\"https:\/\/obp-media.de\/wp-content\/uploads\/2025\/06\/OBP-scaled.png\",\"contentUrl\":\"https:\/\/obp-media.de\/wp-content\/uploads\/2025\/06\/OBP-scaled.png\",\"width\":2560,\"height\":1226,\"caption\":\"OBP-Media\"},\"image\":{\"@id\":\"https:\/\/obp-media.de\/#\/schema\/logo\/image\/\"}}]}<\/script>\n<!-- \/ Yoast SEO plugin. -->","yoast_head_json":{"title":"Events - OBP-Media","robots":{"index":"index","follow":"follow","max-snippet":"max-snippet:-1","max-image-preview":"max-image-preview:large","max-video-preview":"max-video-preview:-1"},"canonical":"https:\/\/obp-media.de\/?page_id=1846","og_locale":"en_US","og_type":"article","og_title":"Events - OBP-Media","og_description":"Events \u2022 Konzerte \u2022 K\u00fcnstler-Booking \u2022 Veranstaltungstechnik \u2022 Dokumentation \u2022 Promotion Du hast bald einen Gig? Wir begleiten dich und machen ihn unvergesslich. Wir stellen dir unser Team aus DJs, Technikern, Foto\/Videografen und Support Acts zur Verf\u00fcgung. So tauchst du dort wie\u00a0ein Star auf und hast gleichzeitig neue Instagram Reels gedreht, um deine neue Single [&hellip;]","og_url":"https:\/\/obp-media.de\/?page_id=1846","og_site_name":"OBP-Media","article_modified_time":"2025-06-04T20:44:17+00:00","og_image":[{"width":1707,"height":2560,"url":"https:\/\/obp-media.de\/wp-content\/uploads\/2025\/06\/leineweber-obolus-28-scaled.jpg","type":"image\/jpeg"}],"twitter_card":"summary_large_image","twitter_misc":{"Est. reading time":"1 minute"},"schema":{"@context":"https:\/\/schema.org","@graph":[{"@type":"WebPage","@id":"https:\/\/obp-media.de\/?page_id=1846","url":"https:\/\/obp-media.de\/?page_id=1846","name":"Events - OBP-Media","isPartOf":{"@id":"https:\/\/obp-media.de\/#website"},"primaryImageOfPage":{"@id":"https:\/\/obp-media.de\/?page_id=1846#primaryimage"},"image":{"@id":"https:\/\/obp-media.de\/?page_id=1846#primaryimage"},"thumbnailUrl":"https:\/\/obp-media.de\/wp-content\/uploads\/2025\/06\/leineweber-obolus-28-683x1024.jpg","datePublished":"2025-06-04T19:52:32+00:00","dateModified":"2025-06-04T20:44:17+00:00","breadcrumb":{"@id":"https:\/\/obp-media.de\/?page_id=1846#breadcrumb"},"inLanguage":"en-US","potentialAction":[{"@type":"ReadAction","target":["https:\/\/obp-media.de\/?page_id=1846"]}]},{"@type":"ImageObject","inLanguage":"en-US","@id":"https:\/\/obp-media.de\/?page_id=1846#primaryimage","url":"https:\/\/obp-media.de\/wp-content\/uploads\/2025\/06\/leineweber-obolus-28-scaled.jpg","contentUrl":"https:\/\/obp-media.de\/wp-content\/uploads\/2025\/06\/leineweber-obolus-28-scaled.jpg","width":1707,"height":2560},{"@type":"BreadcrumbList","@id":"https:\/\/obp-media.de\/?page_id=1846#breadcrumb","itemListElement":[{"@type":"ListItem","position":1,"name":"Home","item":"https:\/\/obp-media.de\/"},{"@type":"ListItem","position":2,"name":"Events"}]},{"@type":"WebSite","@id":"https:\/\/obp-media.de\/#website","url":"https:\/\/obp-media.de\/","name":"OBP-Media","description":"","publisher":{"@id":"https:\/\/obp-media.de\/#organization"},"potentialAction":[{"@type":"SearchAction","target":{"@type":"EntryPoint","urlTemplate":"https:\/\/obp-media.de\/?s={search_term_string}"},"query-input":{"@type":"PropertyValueSpecification","valueRequired":true,"valueName":"search_term_string"}}],"inLanguage":"en-US"},{"@type":"Organization","@id":"https:\/\/obp-media.de\/#organization","name":"OBP-Media","url":"https:\/\/obp-media.de\/","logo":{"@type":"ImageObject","inLanguage":"en-US","@id":"https:\/\/obp-media.de\/#\/schema\/logo\/image\/","url":"https:\/\/obp-media.de\/wp-content\/uploads\/2025\/06\/OBP-scaled.png","contentUrl":"https:\/\/obp-media.de\/wp-content\/uploads\/2025\/06\/OBP-scaled.png","width":2560,"height":1226,"caption":"OBP-Media"},"image":{"@id":"https:\/\/obp-media.de\/#\/schema\/logo\/image\/"}}]}},"_links":{"self":[{"href":"https:\/\/obp-media.de\/index.php?rest_route=\/wp\/v2\/pages\/1846","targetHints":{"allow":["GET"]}}],"collection":[{"href":"https:\/\/obp-media.de\/index.php?rest_route=\/wp\/v2\/pages"}],"about":[{"href":"https:\/\/obp-media.de\/index.php?rest_route=\/wp\/v2\/types\/page"}],"author":[{"embeddable":true,"href":"https:\/\/obp-media.de\/index.php?rest_route=\/wp\/v2\/users\/1"}],"replies":[{"embeddable":true,"href":"https:\/\/obp-media.de\/index.php?rest_route=%2Fwp%2Fv2%2Fcomments&post=1846"}],"version-history":[{"count":13,"href":"https:\/\/obp-media.de\/index.php?rest_route=\/wp\/v2\/pages\/1846\/revisions"}],"predecessor-version":[{"id":1899,"href":"https:\/\/obp-media.de\/index.php?rest_route=\/wp\/v2\/pages\/1846\/revisions\/1899"}],"wp:attachment":[{"href":"https:\/\/obp-media.de\/index.php?rest_route=%2Fwp%2Fv2%2Fmedia&parent=1846"}],"curies":[{"name":"wp","href":"https:\/\/api.w.org\/{rel}","templated":true}]}}