{"id":1774,"date":"2025-06-03T19:38:53","date_gmt":"2025-06-03T19:38:53","guid":{"rendered":"https:\/\/obp-media.de\/?page_id=1774"},"modified":"2025-06-07T09:21:25","modified_gmt":"2025-06-07T09:21:25","slug":"marketing","status":"publish","type":"page","link":"https:\/\/obp-media.de\/?page_id=1774","title":{"rendered":"Marketing"},"content":{"rendered":"\t\t<div data-elementor-type=\"wp-page\" data-elementor-id=\"1774\" class=\"elementor elementor-1774\">\n\t\t\t\t<div class=\"elementor-element elementor-element-8b1d518 e-flex e-con-boxed elementor-invisible e-con e-parent\" data-id=\"8b1d518\" data-element_type=\"container\" data-settings=\"{&quot;animation&quot;:&quot;zoomIn&quot;,&quot;animation_delay&quot;:200}\">\n\t\t\t\t\t<div class=\"e-con-inner\">\n\t\t<div class=\"elementor-element elementor-element-d1c9a9c e-con-full e-flex e-con e-child\" data-id=\"d1c9a9c\" data-element_type=\"container\" data-settings=\"{&quot;background_background&quot;:&quot;classic&quot;,&quot;animation&quot;:&quot;none&quot;}\">\n\t\t\t\t<div class=\"elementor-element elementor-element-d171837 elementor-view-default elementor-position-block-start elementor-mobile-position-block-start elementor-widget elementor-widget-icon-box\" data-id=\"d171837\" data-element_type=\"widget\" data-widget_type=\"icon-box.default\">\n\t\t\t\t<div class=\"elementor-widget-container\">\n\t\t\t\t\t\t\t<div class=\"elementor-icon-box-wrapper\">\n\n\t\t\t\t\t\t<div class=\"elementor-icon-box-icon\">\n\t\t\t\t<span  class=\"elementor-icon\">\n\t\t\t\t<svg aria-hidden=\"true\" class=\"e-font-icon-svg e-fas-rocket\" viewBox=\"0 0 512 512\" xmlns=\"http:\/\/www.w3.org\/2000\/svg\"><path d=\"M505.12019,19.09375c-1.18945-5.53125-6.65819-11-12.207-12.1875C460.716,0,435.507,0,410.40747,0,307.17523,0,245.26909,55.20312,199.05238,128H94.83772c-16.34763.01562-35.55658,11.875-42.88664,26.48438L2.51562,253.29688A28.4,28.4,0,0,0,0,264a24.00867,24.00867,0,0,0,24.00582,24H127.81618l-22.47457,22.46875c-11.36521,11.36133-12.99607,32.25781,0,45.25L156.24582,406.625c11.15623,11.1875,32.15619,13.15625,45.27726,0l22.47457-22.46875V488a24.00867,24.00867,0,0,0,24.00581,24,28.55934,28.55934,0,0,0,10.707-2.51562l98.72834-49.39063c14.62888-7.29687,26.50776-26.5,26.50776-42.85937V312.79688c72.59753-46.3125,128.03493-108.40626,128.03493-211.09376C512.07526,76.5,512.07526,51.29688,505.12019,19.09375ZM384.04033,168A40,40,0,1,1,424.05,128,40.02322,40.02322,0,0,1,384.04033,168Z\"><\/path><\/svg>\t\t\t\t<\/span>\n\t\t\t<\/div>\n\t\t\t\n\t\t\t\t\t\t<div class=\"elementor-icon-box-content\">\n\n\t\t\t\t\t\t\t\t\t<h3 class=\"elementor-icon-box-title\">\n\t\t\t\t\t\t<span  >\n\t\t\t\t\t\t\tMarketing\t\t\t\t\t\t<\/span>\n\t\t\t\t\t<\/h3>\n\t\t\t\t\n\t\t\t\t\t\t\t\t\t<p class=\"elementor-icon-box-description\">\n\t\t\t\t\t\t\u2022 K\u00fcnstler Promotion<br>\n\u2022 Social Media Marketing<br>\n\u2022 Werbeprojektionen und Plakate<br>\n\u2022 Werbepartnerschaften<br>\t\t\t\t\t<\/p>\n\t\t\t\t\n\t\t\t<\/div>\n\t\t\t\n\t\t<\/div>\n\t\t\t\t\t\t<\/div>\n\t\t\t\t<\/div>\n\t\t\t\t<\/div>\n\t\t<div class=\"elementor-element elementor-element-67aac5c e-con-full e-flex e-con e-child\" data-id=\"67aac5c\" data-element_type=\"container\">\n\t\t\t\t<div class=\"elementor-element elementor-element-58ab488 elementor-widget__width-inherit elementor-invisible elementor-widget elementor-widget-image\" data-id=\"58ab488\" data-element_type=\"widget\" data-settings=\"{&quot;_animation&quot;:&quot;zoomIn&quot;,&quot;_animation_delay&quot;:500}\" data-widget_type=\"image.default\">\n\t\t\t\t<div class=\"elementor-widget-container\">\n\t\t\t\t\t\t\t\t\t\t\t\t\t\t\t<img fetchpriority=\"high\" decoding=\"async\" width=\"1024\" height=\"752\" src=\"https:\/\/obp-media.de\/wp-content\/uploads\/2025\/06\/Marketing-1024x752.jpg\" class=\"attachment-large size-large wp-image-1783\" alt=\"\" srcset=\"https:\/\/obp-media.de\/wp-content\/uploads\/2025\/06\/Marketing-1024x752.jpg 1024w, https:\/\/obp-media.de\/wp-content\/uploads\/2025\/06\/Marketing-300x220.jpg 300w, https:\/\/obp-media.de\/wp-content\/uploads\/2025\/06\/Marketing-768x564.jpg 768w, https:\/\/obp-media.de\/wp-content\/uploads\/2025\/06\/Marketing-1536x1129.jpg 1536w, https:\/\/obp-media.de\/wp-content\/uploads\/2025\/06\/Marketing-2048x1505.jpg 2048w\" sizes=\"(max-width: 1024px) 100vw, 1024px\" \/>\t\t\t\t\t\t\t\t\t\t\t\t\t\t\t<\/div>\n\t\t\t\t<\/div>\n\t\t\t\t<div class=\"elementor-element elementor-element-007dac7 elementor-invisible elementor-widget elementor-widget-text-editor\" data-id=\"007dac7\" data-element_type=\"widget\" data-settings=\"{&quot;_animation&quot;:&quot;zoomIn&quot;,&quot;_animation_delay&quot;:1000}\" data-widget_type=\"text-editor.default\">\n\t\t\t\t<div class=\"elementor-widget-container\">\n\t\t\t\t\t\t\t\t\t<p class=\"p1\">Sie wollen das ihr Unternehmen neue Zielgruppen erreicht? Wir werben f\u00fcr euch auf unseren Events oder verbinden euch mit K\u00fcnstlern und Influencern.<\/p><p class=\"p1\">Von Social Media Content bis Werbeprojektionen finden wir f\u00fcr jeden die richtige Strategie. Dabei schrecken wir nicht vor unkonventionellen Ideen zur\u00fcck.<\/p>\t\t\t\t\t\t\t\t<\/div>\n\t\t\t\t<\/div>\n\t\t\t\t<\/div>\n\t\t\t\t\t<\/div>\n\t\t\t\t<\/div>\n\t\t\t\t<\/div>\n\t\t","protected":false},"excerpt":{"rendered":"<p>Marketing \u2022 K\u00fcnstler Promotion \u2022 Social Media Marketing \u2022 Werbeprojektionen und Plakate \u2022 Werbepartnerschaften Sie wollen das ihr Unternehmen neue Zielgruppen erreicht? Wir werben f\u00fcr euch auf unseren Events oder verbinden euch mit K\u00fcnstlern und Influencern. Von Social Media Content bis Werbeprojektionen finden wir f\u00fcr jeden die richtige Strategie. Dabei schrecken wir nicht vor unkonventionellen [&hellip;]<\/p>\n","protected":false},"author":1,"featured_media":0,"parent":0,"menu_order":0,"comment_status":"closed","ping_status":"closed","template":"","meta":{"footnotes":""},"class_list":["post-1774","page","type-page","status-publish","hentry"],"blocksy_meta":[],"yoast_head":"<!-- This site is optimized with the Yoast SEO plugin v26.8 - https:\/\/yoast.com\/product\/yoast-seo-wordpress\/ -->\n<title>Marketing - OBP-Media<\/title>\n<meta name=\"robots\" content=\"index, follow, max-snippet:-1, max-image-preview:large, max-video-preview:-1\" \/>\n<link rel=\"canonical\" href=\"https:\/\/obp-media.de\/?page_id=1774\" \/>\n<meta property=\"og:locale\" content=\"en_US\" \/>\n<meta property=\"og:type\" content=\"article\" \/>\n<meta property=\"og:title\" content=\"Marketing - OBP-Media\" \/>\n<meta property=\"og:description\" content=\"Marketing \u2022 K\u00fcnstler Promotion \u2022 Social Media Marketing \u2022 Werbeprojektionen und Plakate \u2022 Werbepartnerschaften Sie wollen das ihr Unternehmen neue Zielgruppen erreicht? Wir werben f\u00fcr euch auf unseren Events oder verbinden euch mit K\u00fcnstlern und Influencern. Von Social Media Content bis Werbeprojektionen finden wir f\u00fcr jeden die richtige Strategie. Dabei schrecken wir nicht vor unkonventionellen [&hellip;]\" \/>\n<meta property=\"og:url\" content=\"https:\/\/obp-media.de\/?page_id=1774\" \/>\n<meta property=\"og:site_name\" content=\"OBP-Media\" \/>\n<meta property=\"article:modified_time\" content=\"2025-06-07T09:21:25+00:00\" \/>\n<meta property=\"og:image\" content=\"https:\/\/obp-media.de\/wp-content\/uploads\/2025\/06\/Marketing.jpg\" \/>\n\t<meta property=\"og:image:width\" content=\"2538\" \/>\n\t<meta property=\"og:image:height\" content=\"1865\" \/>\n\t<meta property=\"og:image:type\" content=\"image\/jpeg\" \/>\n<meta name=\"twitter:card\" content=\"summary_large_image\" \/>\n<meta name=\"twitter:label1\" content=\"Est. reading time\" \/>\n\t<meta name=\"twitter:data1\" content=\"1 minute\" \/>\n<script type=\"application\/ld+json\" class=\"yoast-schema-graph\">{\"@context\":\"https:\/\/schema.org\",\"@graph\":[{\"@type\":\"WebPage\",\"@id\":\"https:\/\/obp-media.de\/?page_id=1774\",\"url\":\"https:\/\/obp-media.de\/?page_id=1774\",\"name\":\"Marketing - OBP-Media\",\"isPartOf\":{\"@id\":\"https:\/\/obp-media.de\/#website\"},\"primaryImageOfPage\":{\"@id\":\"https:\/\/obp-media.de\/?page_id=1774#primaryimage\"},\"image\":{\"@id\":\"https:\/\/obp-media.de\/?page_id=1774#primaryimage\"},\"thumbnailUrl\":\"https:\/\/obp-media.de\/wp-content\/uploads\/2025\/06\/Marketing-1024x752.jpg\",\"datePublished\":\"2025-06-03T19:38:53+00:00\",\"dateModified\":\"2025-06-07T09:21:25+00:00\",\"breadcrumb\":{\"@id\":\"https:\/\/obp-media.de\/?page_id=1774#breadcrumb\"},\"inLanguage\":\"en-US\",\"potentialAction\":[{\"@type\":\"ReadAction\",\"target\":[\"https:\/\/obp-media.de\/?page_id=1774\"]}]},{\"@type\":\"ImageObject\",\"inLanguage\":\"en-US\",\"@id\":\"https:\/\/obp-media.de\/?page_id=1774#primaryimage\",\"url\":\"https:\/\/obp-media.de\/wp-content\/uploads\/2025\/06\/Marketing.jpg\",\"contentUrl\":\"https:\/\/obp-media.de\/wp-content\/uploads\/2025\/06\/Marketing.jpg\",\"width\":2538,\"height\":1865},{\"@type\":\"BreadcrumbList\",\"@id\":\"https:\/\/obp-media.de\/?page_id=1774#breadcrumb\",\"itemListElement\":[{\"@type\":\"ListItem\",\"position\":1,\"name\":\"Home\",\"item\":\"https:\/\/obp-media.de\/\"},{\"@type\":\"ListItem\",\"position\":2,\"name\":\"Marketing\"}]},{\"@type\":\"WebSite\",\"@id\":\"https:\/\/obp-media.de\/#website\",\"url\":\"https:\/\/obp-media.de\/\",\"name\":\"OBP-Media\",\"description\":\"\",\"publisher\":{\"@id\":\"https:\/\/obp-media.de\/#organization\"},\"potentialAction\":[{\"@type\":\"SearchAction\",\"target\":{\"@type\":\"EntryPoint\",\"urlTemplate\":\"https:\/\/obp-media.de\/?s={search_term_string}\"},\"query-input\":{\"@type\":\"PropertyValueSpecification\",\"valueRequired\":true,\"valueName\":\"search_term_string\"}}],\"inLanguage\":\"en-US\"},{\"@type\":\"Organization\",\"@id\":\"https:\/\/obp-media.de\/#organization\",\"name\":\"OBP-Media\",\"url\":\"https:\/\/obp-media.de\/\",\"logo\":{\"@type\":\"ImageObject\",\"inLanguage\":\"en-US\",\"@id\":\"https:\/\/obp-media.de\/#\/schema\/logo\/image\/\",\"url\":\"https:\/\/obp-media.de\/wp-content\/uploads\/2025\/06\/OBP-scaled.png\",\"contentUrl\":\"https:\/\/obp-media.de\/wp-content\/uploads\/2025\/06\/OBP-scaled.png\",\"width\":2560,\"height\":1226,\"caption\":\"OBP-Media\"},\"image\":{\"@id\":\"https:\/\/obp-media.de\/#\/schema\/logo\/image\/\"}}]}<\/script>\n<!-- \/ Yoast SEO plugin. -->","yoast_head_json":{"title":"Marketing - OBP-Media","robots":{"index":"index","follow":"follow","max-snippet":"max-snippet:-1","max-image-preview":"max-image-preview:large","max-video-preview":"max-video-preview:-1"},"canonical":"https:\/\/obp-media.de\/?page_id=1774","og_locale":"en_US","og_type":"article","og_title":"Marketing - OBP-Media","og_description":"Marketing \u2022 K\u00fcnstler Promotion \u2022 Social Media Marketing \u2022 Werbeprojektionen und Plakate \u2022 Werbepartnerschaften Sie wollen das ihr Unternehmen neue Zielgruppen erreicht? Wir werben f\u00fcr euch auf unseren Events oder verbinden euch mit K\u00fcnstlern und Influencern. Von Social Media Content bis Werbeprojektionen finden wir f\u00fcr jeden die richtige Strategie. Dabei schrecken wir nicht vor unkonventionellen [&hellip;]","og_url":"https:\/\/obp-media.de\/?page_id=1774","og_site_name":"OBP-Media","article_modified_time":"2025-06-07T09:21:25+00:00","og_image":[{"width":2538,"height":1865,"url":"https:\/\/obp-media.de\/wp-content\/uploads\/2025\/06\/Marketing.jpg","type":"image\/jpeg"}],"twitter_card":"summary_large_image","twitter_misc":{"Est. reading time":"1 minute"},"schema":{"@context":"https:\/\/schema.org","@graph":[{"@type":"WebPage","@id":"https:\/\/obp-media.de\/?page_id=1774","url":"https:\/\/obp-media.de\/?page_id=1774","name":"Marketing - OBP-Media","isPartOf":{"@id":"https:\/\/obp-media.de\/#website"},"primaryImageOfPage":{"@id":"https:\/\/obp-media.de\/?page_id=1774#primaryimage"},"image":{"@id":"https:\/\/obp-media.de\/?page_id=1774#primaryimage"},"thumbnailUrl":"https:\/\/obp-media.de\/wp-content\/uploads\/2025\/06\/Marketing-1024x752.jpg","datePublished":"2025-06-03T19:38:53+00:00","dateModified":"2025-06-07T09:21:25+00:00","breadcrumb":{"@id":"https:\/\/obp-media.de\/?page_id=1774#breadcrumb"},"inLanguage":"en-US","potentialAction":[{"@type":"ReadAction","target":["https:\/\/obp-media.de\/?page_id=1774"]}]},{"@type":"ImageObject","inLanguage":"en-US","@id":"https:\/\/obp-media.de\/?page_id=1774#primaryimage","url":"https:\/\/obp-media.de\/wp-content\/uploads\/2025\/06\/Marketing.jpg","contentUrl":"https:\/\/obp-media.de\/wp-content\/uploads\/2025\/06\/Marketing.jpg","width":2538,"height":1865},{"@type":"BreadcrumbList","@id":"https:\/\/obp-media.de\/?page_id=1774#breadcrumb","itemListElement":[{"@type":"ListItem","position":1,"name":"Home","item":"https:\/\/obp-media.de\/"},{"@type":"ListItem","position":2,"name":"Marketing"}]},{"@type":"WebSite","@id":"https:\/\/obp-media.de\/#website","url":"https:\/\/obp-media.de\/","name":"OBP-Media","description":"","publisher":{"@id":"https:\/\/obp-media.de\/#organization"},"potentialAction":[{"@type":"SearchAction","target":{"@type":"EntryPoint","urlTemplate":"https:\/\/obp-media.de\/?s={search_term_string}"},"query-input":{"@type":"PropertyValueSpecification","valueRequired":true,"valueName":"search_term_string"}}],"inLanguage":"en-US"},{"@type":"Organization","@id":"https:\/\/obp-media.de\/#organization","name":"OBP-Media","url":"https:\/\/obp-media.de\/","logo":{"@type":"ImageObject","inLanguage":"en-US","@id":"https:\/\/obp-media.de\/#\/schema\/logo\/image\/","url":"https:\/\/obp-media.de\/wp-content\/uploads\/2025\/06\/OBP-scaled.png","contentUrl":"https:\/\/obp-media.de\/wp-content\/uploads\/2025\/06\/OBP-scaled.png","width":2560,"height":1226,"caption":"OBP-Media"},"image":{"@id":"https:\/\/obp-media.de\/#\/schema\/logo\/image\/"}}]}},"_links":{"self":[{"href":"https:\/\/obp-media.de\/index.php?rest_route=\/wp\/v2\/pages\/1774","targetHints":{"allow":["GET"]}}],"collection":[{"href":"https:\/\/obp-media.de\/index.php?rest_route=\/wp\/v2\/pages"}],"about":[{"href":"https:\/\/obp-media.de\/index.php?rest_route=\/wp\/v2\/types\/page"}],"author":[{"embeddable":true,"href":"https:\/\/obp-media.de\/index.php?rest_route=\/wp\/v2\/users\/1"}],"replies":[{"embeddable":true,"href":"https:\/\/obp-media.de\/index.php?rest_route=%2Fwp%2Fv2%2Fcomments&post=1774"}],"version-history":[{"count":22,"href":"https:\/\/obp-media.de\/index.php?rest_route=\/wp\/v2\/pages\/1774\/revisions"}],"predecessor-version":[{"id":1973,"href":"https:\/\/obp-media.de\/index.php?rest_route=\/wp\/v2\/pages\/1774\/revisions\/1973"}],"wp:attachment":[{"href":"https:\/\/obp-media.de\/index.php?rest_route=%2Fwp%2Fv2%2Fmedia&parent=1774"}],"curies":[{"name":"wp","href":"https:\/\/api.w.org\/{rel}","templated":true}]}}